{"id":93,"date":"2017-06-18T13:51:03","date_gmt":"2017-06-18T11:51:03","guid":{"rendered":"http:\/\/zenbit.eu\/marokkoprojekt\/?page_id=93"},"modified":"2017-06-18T14:09:29","modified_gmt":"2017-06-18T12:09:29","slug":"konzept","status":"publish","type":"page","link":"https:\/\/zenbit.eu\/marokkoprojekt\/index.php\/konzept\/","title":{"rendered":"Konzept"},"content":{"rendered":"<p>Die Zielsetzung des Projekts umfasst drei Ebenen: zum einen die interkulturelle Ebene, der Kontakt von Jugendlichen mit Jugendlichen einer ganz anderen Kultur, hier speziell mit der islamischen. F\u00fcr den Kontakt werden die modernen Kommunikationsmittel mit verwendet. Die Sch\u00fcler k\u00f6nnen dabei erleben, dass es zwischen ihnen mehr Verbindendes als Trennendes gibt, dass der Austausch beide Seiten bereichern kann, und dass die Kommunikation umso fruchtbarer ist, je gr\u00f6\u00dfer die eigene Offenheit, das Interesse und die Kommunikationsbereitschaft sind. Eine weitere Ebene ist die solidarische, d. h. im gemeinsamen Planen und Tun sollen hier und dort Dinge entstehen, die n\u00fctzlich sind und \u00f6kologische, soziale und kulturelle Entwicklungen f\u00f6rdern. Die Sch\u00fcler k\u00f6nnen dabei erleben, dass Engagement zu sichtbaren und sinnvollen Ergebnissen f\u00fchrt, aber auch intensivere Beziehungen und Erfahrungen erm\u00f6glicht. . Die Partnerschaft erfolgt auf Augenh\u00f6he und beruht auf Gegenseitigkeit. G\u00e4ngige Entwicklungshilfe-Stereotyp werden damit \u00fcberwunden. In die jeweilige Arbeit am laufenden Projekt sind Planungsrunden integriert, bei denen gemeinsam die n\u00e4chsten Projekte entwickelt werden. Drittens soll den Sch\u00fclern bewusst und erlebbar werden, dass nicht nur die englische, sondern auch die franz\u00f6sische Sprache zu internationaler Kommunikation bef\u00e4higt.<\/p>\n","protected":false},"excerpt":{"rendered":"<p>Die Zielsetzung des Projekts umfasst drei Ebenen: zum einen die interkulturelle Ebene, der Kontakt von Jugendlichen mit Jugendlichen einer ganz anderen Kultur, hier speziell mit der islamischen. F\u00fcr den Kontakt werden die modernen Kommunikationsmittel mit verwendet. Die Sch\u00fcler k\u00f6nnen dabei&#8230; <a class=\"more-link\" href=\"https:\/\/zenbit.eu\/marokkoprojekt\/index.php\/konzept\/\">Weiterlesen &rarr;<\/a><\/p>\n","protected":false},"author":1,"featured_media":103,"parent":0,"menu_order":0,"comment_status":"closed","ping_status":"closed","template":"","meta":{"footnotes":""},"_links":{"self":[{"href":"https:\/\/zenbit.eu\/marokkoprojekt\/index.php\/wp-json\/wp\/v2\/pages\/93"}],"collection":[{"href":"https:\/\/zenbit.eu\/marokkoprojekt\/index.php\/wp-json\/wp\/v2\/pages"}],"about":[{"href":"https:\/\/zenbit.eu\/marokkoprojekt\/index.php\/wp-json\/wp\/v2\/types\/page"}],"author":[{"embeddable":true,"href":"https:\/\/zenbit.eu\/marokkoprojekt\/index.php\/wp-json\/wp\/v2\/users\/1"}],"replies":[{"embeddable":true,"href":"https:\/\/zenbit.eu\/marokkoprojekt\/index.php\/wp-json\/wp\/v2\/comments?post=93"}],"version-history":[{"count":1,"href":"https:\/\/zenbit.eu\/marokkoprojekt\/index.php\/wp-json\/wp\/v2\/pages\/93\/revisions"}],"predecessor-version":[{"id":94,"href":"https:\/\/zenbit.eu\/marokkoprojekt\/index.php\/wp-json\/wp\/v2\/pages\/93\/revisions\/94"}],"wp:featuredmedia":[{"embeddable":true,"href":"https:\/\/zenbit.eu\/marokkoprojekt\/index.php\/wp-json\/wp\/v2\/media\/103"}],"wp:attachment":[{"href":"https:\/\/zenbit.eu\/marokkoprojekt\/index.php\/wp-json\/wp\/v2\/media?parent=93"}],"curies":[{"name":"wp","href":"https:\/\/api.w.org\/{rel}","templated":true}]}}