{"id":91,"date":"2017-06-18T13:50:30","date_gmt":"2017-06-18T11:50:30","guid":{"rendered":"http:\/\/zenbit.eu\/marokkoprojekt\/?page_id=91"},"modified":"2017-06-18T19:58:14","modified_gmt":"2017-06-18T17:58:14","slug":"geschichte","status":"publish","type":"page","link":"https:\/\/zenbit.eu\/marokkoprojekt\/index.php\/geschichte\/","title":{"rendered":"Geschichte"},"content":{"rendered":"<p>Angefangen hat alles an einem Oberstufenprojekttag Pfingsten 2008 mit einer Videokonferenz zwischen Sch\u00fclern beider Schulen. Dicht gedr\u00e4ngt hockten unsere Sch\u00fcler vor der Leinwand und schauten gebannt auf die ebenso eng beieinander sitzenden marokkanischen Jugendlichen. Das Mikrophon wurde von einem zum anderen weitergegeben \u2013 man stellte sich auf Franz\u00f6sisch vor und formulierte eine Frage, die dann von der anderen Seite beantwortet wurde. Die Stimmung war bestens, es wurde viel gelacht, gewunken, applaudiert \u2013 und sogar gesungen. Die dort auf der Leinwand sahen anders aus und waren anders gekleidet, aber sie waren genauso neugierig und erwartungsvoll, genauso interessiert und offen, einfach genauso jugendlich wie man selbst \u2013 das war eines der Erlebnisse bei der Aktion. Ein anderes: wir hier hatten vielleicht die bessere Technik, aber die Marokkaner konnten viel besser Franz\u00f6sisch.<br \/>\nFrau Isabella Geier, Lehrerin f\u00fcr Geschichte, Sozialkunde und Franz\u00f6sisch, hatte den Kontakt zu Philosophielehrer Chafik Graiguer vom Lyc\u00e9e Al Farabi \u00fcber Ahmed Alqassimi, einen irakischen Freund bekommen, der letzteren \u00fcber ein arabisches Internetforum f\u00fcr Akademiker kennengelernt hatte.<br \/>\nIm neuen Schuljahr nahmen dann 10 Sch\u00fcler der 10. Klasse freiwillig am Marokkoprojekt teil: in einer zus\u00e4tzlichen Franz\u00f6sischstunde pro Woche erarbeiteten sie Texte \u00fcber Marokko und tauschten sich dann in einer weiteren Videokonferenz mit marokkanischen Sch\u00fclern \u00fcber ihre gewonnenen Erkenntnisse aus. Im Sommer 2010 fand dann die erste echte Begegnung statt: sechs Sch\u00fclerinnen und ein Sch\u00fcler fuhren mit Herrn und Frau Geier sowie dem Physiker Alfred K\u00f6rblein zur Partnerschule und konstruierten zwei Solarabsorber auf dem Dach des Jungeninternats<\/p>\n","protected":false},"excerpt":{"rendered":"<p>Angefangen hat alles an einem Oberstufenprojekttag Pfingsten 2008 mit einer Videokonferenz zwischen Sch\u00fclern beider Schulen. Dicht gedr\u00e4ngt hockten unsere Sch\u00fcler vor der Leinwand und schauten gebannt auf die ebenso eng beieinander sitzenden marokkanischen Jugendlichen. Das Mikrophon wurde von einem zum&#8230; <a class=\"more-link\" href=\"https:\/\/zenbit.eu\/marokkoprojekt\/index.php\/geschichte\/\">Weiterlesen &rarr;<\/a><\/p>\n","protected":false},"author":1,"featured_media":113,"parent":0,"menu_order":0,"comment_status":"closed","ping_status":"closed","template":"","meta":{"footnotes":""},"_links":{"self":[{"href":"https:\/\/zenbit.eu\/marokkoprojekt\/index.php\/wp-json\/wp\/v2\/pages\/91"}],"collection":[{"href":"https:\/\/zenbit.eu\/marokkoprojekt\/index.php\/wp-json\/wp\/v2\/pages"}],"about":[{"href":"https:\/\/zenbit.eu\/marokkoprojekt\/index.php\/wp-json\/wp\/v2\/types\/page"}],"author":[{"embeddable":true,"href":"https:\/\/zenbit.eu\/marokkoprojekt\/index.php\/wp-json\/wp\/v2\/users\/1"}],"replies":[{"embeddable":true,"href":"https:\/\/zenbit.eu\/marokkoprojekt\/index.php\/wp-json\/wp\/v2\/comments?post=91"}],"version-history":[{"count":1,"href":"https:\/\/zenbit.eu\/marokkoprojekt\/index.php\/wp-json\/wp\/v2\/pages\/91\/revisions"}],"predecessor-version":[{"id":92,"href":"https:\/\/zenbit.eu\/marokkoprojekt\/index.php\/wp-json\/wp\/v2\/pages\/91\/revisions\/92"}],"wp:featuredmedia":[{"embeddable":true,"href":"https:\/\/zenbit.eu\/marokkoprojekt\/index.php\/wp-json\/wp\/v2\/media\/113"}],"wp:attachment":[{"href":"https:\/\/zenbit.eu\/marokkoprojekt\/index.php\/wp-json\/wp\/v2\/media?parent=91"}],"curies":[{"name":"wp","href":"https:\/\/api.w.org\/{rel}","templated":true}]}}