{"id":83,"date":"2017-06-18T13:46:33","date_gmt":"2017-06-18T11:46:33","guid":{"rendered":"http:\/\/zenbit.eu\/marokkoprojekt\/?page_id=83"},"modified":"2017-06-18T13:46:33","modified_gmt":"2017-06-18T11:46:33","slug":"links","status":"publish","type":"page","link":"https:\/\/zenbit.eu\/marokkoprojekt\/index.php\/links\/","title":{"rendered":"Links"},"content":{"rendered":"<p>Zwei Artikel \u00fcber vergangene Begegnungen in der Zeitschrift Erziehungskunst\u00a0<a href=\"http:\/\/www.erziehungskunst.de\/artikel\/waldorf-weltweit\/mehrere-voegel-mit-einem-stein-erlegen-interkulturelle-begegnungen-in-marokko\/\" target=\"_blank\" rel=\"noopener\">Artikel 1<\/a>\u00a0<a href=\"http:\/\/www.erziehungskunst.de\/artikel\/waldorf-weltweit\/entwicklungshilfe-beiderseits-deutsch-marokkanische-schuelerbegegnungen\/\" target=\"_blank\" rel=\"noopener\">Artikel 2<\/a><\/p>\n<p><a href=\"https:\/\/www.kmk-pad.org\/aktuelles\/artikelansicht\/partnerschaft-mit-marokko-ausgezeichnet.html\" target=\"_blank\" rel=\"noopener\">Beschreibung Projekt des Monats auf der Seite des PAD des Sekretariats der Kultusministerkonferenz<\/a><\/p>\n<p>Film von Ex-Sch\u00fcler Lukas Maurer \u00fcber die Begegnung 2013<br \/>\n<iframe loading=\"lazy\" width=\"676\" height=\"380\" src=\"https:\/\/www.youtube.com\/embed\/2vqNUoJKpkY?feature=oembed\" frameborder=\"0\" allowfullscreen><\/iframe><\/p>\n<p>Sch\u00fclerfilm aus dem Workshop, den Lukas Maurer im Rahmen der Begegnung 2013 leitete<br \/>\n<iframe loading=\"lazy\" width=\"676\" height=\"380\" src=\"https:\/\/www.youtube.com\/embed\/hz2FJT2bUqE?feature=oembed\" frameborder=\"0\" allowfullscreen><\/iframe><\/p>\n<p><a href=\"http:\/\/www.erziehungskunst.de\/artikel\/erziehungskuenstler\/waldorf-in-arabien\/\" target=\"_blank\" rel=\"noopener\">Interview mit Sibylla Hesse u. a. \u00fcber Marokkoreise im Rahmen eines Sabbatjahres f\u00fcr die Zeitschrift Erziehungskunst<\/a><\/p>\n","protected":false},"excerpt":{"rendered":"<p>Zwei Artikel \u00fcber vergangene Begegnungen in der Zeitschrift Erziehungskunst\u00a0Artikel 1\u00a0Artikel 2 Beschreibung Projekt des Monats auf der Seite des PAD des Sekretariats der Kultusministerkonferenz Film von Ex-Sch\u00fcler Lukas Maurer \u00fcber die Begegnung 2013 Sch\u00fclerfilm aus dem Workshop, den Lukas Maurer&#8230; <a class=\"more-link\" href=\"https:\/\/zenbit.eu\/marokkoprojekt\/index.php\/links\/\">Weiterlesen &rarr;<\/a><\/p>\n","protected":false},"author":1,"featured_media":0,"parent":0,"menu_order":0,"comment_status":"closed","ping_status":"closed","template":"","meta":{"footnotes":""},"_links":{"self":[{"href":"https:\/\/zenbit.eu\/marokkoprojekt\/index.php\/wp-json\/wp\/v2\/pages\/83"}],"collection":[{"href":"https:\/\/zenbit.eu\/marokkoprojekt\/index.php\/wp-json\/wp\/v2\/pages"}],"about":[{"href":"https:\/\/zenbit.eu\/marokkoprojekt\/index.php\/wp-json\/wp\/v2\/types\/page"}],"author":[{"embeddable":true,"href":"https:\/\/zenbit.eu\/marokkoprojekt\/index.php\/wp-json\/wp\/v2\/users\/1"}],"replies":[{"embeddable":true,"href":"https:\/\/zenbit.eu\/marokkoprojekt\/index.php\/wp-json\/wp\/v2\/comments?post=83"}],"version-history":[{"count":1,"href":"https:\/\/zenbit.eu\/marokkoprojekt\/index.php\/wp-json\/wp\/v2\/pages\/83\/revisions"}],"predecessor-version":[{"id":84,"href":"https:\/\/zenbit.eu\/marokkoprojekt\/index.php\/wp-json\/wp\/v2\/pages\/83\/revisions\/84"}],"wp:attachment":[{"href":"https:\/\/zenbit.eu\/marokkoprojekt\/index.php\/wp-json\/wp\/v2\/media?parent=83"}],"curies":[{"name":"wp","href":"https:\/\/api.w.org\/{rel}","templated":true}]}}