{"id":2,"date":"2017-06-17T23:39:06","date_gmt":"2017-06-17T21:39:06","guid":{"rendered":"http:\/\/zenbit.eu\/marokkoprojekt\/?page_id=2"},"modified":"2017-06-18T13:19:10","modified_gmt":"2017-06-18T11:19:10","slug":"spenden","status":"publish","type":"page","link":"https:\/\/zenbit.eu\/marokkoprojekt\/index.php\/spenden\/","title":{"rendered":"Spenden"},"content":{"rendered":"<p>Unsere Begegnungen werden nicht \u00fcber den Schulhaushalt sondern aus Spenden und Beitr\u00e4gen der Teilnehmer finanziert.<br \/>\nWenn Du unsere Begegnungen unterst\u00fctzen m\u00f6chtest, freuen wir uns sehr und stellen Dir eine Spendenbescheinigung aus. Damit wir sie Dir schicken k\u00f6nnen, brauchen wir deine Adresse.<\/p>\n<p>Kontonummer: 35006<br \/>\nKontoinhaberin, Kontoinhaber Freie Waldorfschule und Waldorfkinderg\u00e4rten Augsburg e. V.<br \/>\nBankleitzahl 720 500 00<br \/>\nName der Bank Stadtsparkasse Augsburg<\/p>\n<p>IBAN DE 11 7205 0000 0000 035006<br \/>\nBIC AUGSDE77XXX<\/p>\n","protected":false},"excerpt":{"rendered":"<p>Unsere Begegnungen werden nicht \u00fcber den Schulhaushalt sondern aus Spenden und Beitr\u00e4gen der Teilnehmer finanziert. Wenn Du unsere Begegnungen unterst\u00fctzen m\u00f6chtest, freuen wir uns sehr und stellen Dir eine Spendenbescheinigung aus. Damit wir sie Dir schicken k\u00f6nnen, brauchen wir deine&#8230; <a class=\"more-link\" href=\"https:\/\/zenbit.eu\/marokkoprojekt\/index.php\/spenden\/\">Weiterlesen &rarr;<\/a><\/p>\n","protected":false},"author":1,"featured_media":56,"parent":0,"menu_order":0,"comment_status":"closed","ping_status":"open","template":"","meta":{"footnotes":""},"_links":{"self":[{"href":"https:\/\/zenbit.eu\/marokkoprojekt\/index.php\/wp-json\/wp\/v2\/pages\/2"}],"collection":[{"href":"https:\/\/zenbit.eu\/marokkoprojekt\/index.php\/wp-json\/wp\/v2\/pages"}],"about":[{"href":"https:\/\/zenbit.eu\/marokkoprojekt\/index.php\/wp-json\/wp\/v2\/types\/page"}],"author":[{"embeddable":true,"href":"https:\/\/zenbit.eu\/marokkoprojekt\/index.php\/wp-json\/wp\/v2\/users\/1"}],"replies":[{"embeddable":true,"href":"https:\/\/zenbit.eu\/marokkoprojekt\/index.php\/wp-json\/wp\/v2\/comments?post=2"}],"version-history":[{"count":3,"href":"https:\/\/zenbit.eu\/marokkoprojekt\/index.php\/wp-json\/wp\/v2\/pages\/2\/revisions"}],"predecessor-version":[{"id":72,"href":"https:\/\/zenbit.eu\/marokkoprojekt\/index.php\/wp-json\/wp\/v2\/pages\/2\/revisions\/72"}],"wp:featuredmedia":[{"embeddable":true,"href":"https:\/\/zenbit.eu\/marokkoprojekt\/index.php\/wp-json\/wp\/v2\/media\/56"}],"wp:attachment":[{"href":"https:\/\/zenbit.eu\/marokkoprojekt\/index.php\/wp-json\/wp\/v2\/media?parent=2"}],"curies":[{"name":"wp","href":"https:\/\/api.w.org\/{rel}","templated":true}]}}